{"id":48,"date":"2025-12-08T16:05:12","date_gmt":"2025-12-08T15:05:12","guid":{"rendered":"https:\/\/new.interagencie.cz\/?page_id=48"},"modified":"2025-12-08T20:47:12","modified_gmt":"2025-12-08T19:47:12","slug":"kontakt","status":"publish","type":"page","link":"https:\/\/interagencie.cz\/en\/kontakt\/","title":{"rendered":"Contact"},"content":{"rendered":"<h2 class=\"wp-block-heading\">Corporation INTERAGENCIE<\/h2>\n\n\n\n<figure class=\"wp-block-image size-full\"><img loading=\"lazy\" decoding=\"async\" width=\"524\" height=\"220\" src=\"http:\/\/new.interagencie.cz\/wp-content\/uploads\/2025\/12\/mapa.png\" alt=\"\" class=\"wp-image-49\" srcset=\"https:\/\/interagencie.cz\/wp-content\/uploads\/2025\/12\/mapa.png 524w, https:\/\/interagencie.cz\/wp-content\/uploads\/2025\/12\/mapa-300x126.png 300w, https:\/\/interagencie.cz\/wp-content\/uploads\/2025\/12\/mapa-18x8.png 18w\" sizes=\"auto, (max-width: 524px) 100vw, 524px\" \/><\/figure>\n\n\n\n<h4 class=\"wp-block-heading\">Head office Prague:<\/h4>\n\n\n\n<p>D\u011blost\u0159eleck\u00e1 232\/31, CZ &#8211; 162 00, Praha 6<br><strong>The management, clerical department and commercial departments<\/strong><\/p>\n\n\n\n<figure class=\"wp-block-image size-large is-resized\"><img loading=\"lazy\" decoding=\"async\" width=\"768\" height=\"1024\" src=\"http:\/\/new.interagencie.cz\/wp-content\/uploads\/2025\/12\/praha-768x1024.jpeg\" alt=\"\" class=\"wp-image-50\" style=\"aspect-ratio:0.7500062869357476;object-fit:cover;width:294px\" srcset=\"https:\/\/interagencie.cz\/wp-content\/uploads\/2025\/12\/praha-768x1024.jpeg 768w, https:\/\/interagencie.cz\/wp-content\/uploads\/2025\/12\/praha-225x300.jpeg 225w, https:\/\/interagencie.cz\/wp-content\/uploads\/2025\/12\/praha-1152x1536.jpeg 1152w, https:\/\/interagencie.cz\/wp-content\/uploads\/2025\/12\/praha-1536x2048.jpeg 1536w, https:\/\/interagencie.cz\/wp-content\/uploads\/2025\/12\/praha-9x12.jpeg 9w, https:\/\/interagencie.cz\/wp-content\/uploads\/2025\/12\/praha.jpeg 1920w\" sizes=\"auto, (max-width: 768px) 100vw, 768px\" \/><\/figure>\n\n\n\n<p><strong>Management:<\/strong><br>Phone.: +420 233 089 832\/Mobile: +420 602 789 375<br>E-mail:&nbsp;<a href=\"mailto:interagencie%40interagencie.cz\">interagencie@interagencie.cz<\/a><br>&nbsp;&nbsp;&nbsp;&nbsp;&nbsp;&nbsp;&nbsp;&nbsp;&nbsp;&nbsp;&nbsp;&nbsp;&nbsp;<a href=\"mailto:brezik%40interagencie.cz\">brezik@interagencie.cz<\/a><br>&nbsp;&nbsp;&nbsp;&nbsp;&nbsp;&nbsp;&nbsp;&nbsp;&nbsp;&nbsp;&nbsp;&nbsp;&nbsp;<a href=\"mailto:benda%40interagencie.cz\">benda@interagencie.cz<\/a><\/p>\n\n\n\n<p><strong>Commercial department:<\/strong><br>Phone: +420 233 089 835<br>Phone: +420 233 089 846<br>E-mail:&nbsp;<a href=\"mailto:mares%40interagencie.cz\">mares@interagencie.cz<\/a><br>&nbsp;&nbsp;&nbsp;&nbsp;&nbsp;&nbsp;&nbsp;&nbsp;&nbsp;&nbsp;&nbsp;&nbsp;<a href=\"mailto:vojtech.brezik%40interagencie.cz\">vojtech.brezik@interagencie.cz<\/a><\/p>\n\n\n\n<h4 class=\"wp-block-heading\">INTERAGENCIE Mohelnice, s.r.o.<\/h4>\n\n\n\n<h4 class=\"wp-block-heading\">Branch office Mohelnice:<\/h4>\n\n\n\n<p>N\u00e1dra\u017en\u00ed 25, CZ &#8211; 789 85, Mohelnice<br><strong>Logistics Center \u2013 Ferrous &amp; Non-Ferrous Metals Trading and Material Storage<\/strong><br>Phone.: +420 583 430 333<br>Fax: +420 583 473 798<br>E-mail:\u00a0<a href=\"mailto: vankova%40interagencie.cz\">vankova@interagencie.cz<\/a><br>\u00a0\u00a0\u00a0\u00a0\u00a0\u00a0\u00a0\u00a0\u00a0\u00a0\u00a0\u00a0\u00a0<a href=\"mailto: paterova.d%40interagencie.cz\">paterova.d@interagencie.cz<\/a><\/p>\n\n\n\n<h4 class=\"wp-block-heading\">Branch office Dob\u0159\u00ed\u0161:<\/h4>\n\n\n\n<p>Pra\u017esk\u00e1 711, CZ &#8211; 263 01, Dob\u0159\u00ed\u0161<br><strong>Logistics Center \u2013 Ferrous &amp; Non-Ferrous Scrap Trading, Commercial Space Rental<\/strong><\/p>\n\n\n\n<figure class=\"wp-block-image size-large is-resized\"><img loading=\"lazy\" decoding=\"async\" width=\"1024\" height=\"768\" src=\"http:\/\/new.interagencie.cz\/wp-content\/uploads\/2025\/12\/dobris-1024x768.jpeg\" alt=\"\" class=\"wp-image-51\" style=\"width:413px\" srcset=\"https:\/\/interagencie.cz\/wp-content\/uploads\/2025\/12\/dobris-1024x768.jpeg 1024w, https:\/\/interagencie.cz\/wp-content\/uploads\/2025\/12\/dobris-300x225.jpeg 300w, https:\/\/interagencie.cz\/wp-content\/uploads\/2025\/12\/dobris-768x576.jpeg 768w, https:\/\/interagencie.cz\/wp-content\/uploads\/2025\/12\/dobris-1536x1152.jpeg 1536w, https:\/\/interagencie.cz\/wp-content\/uploads\/2025\/12\/dobris-16x12.jpeg 16w, https:\/\/interagencie.cz\/wp-content\/uploads\/2025\/12\/dobris.jpeg 1600w\" sizes=\"auto, (max-width: 1024px) 100vw, 1024px\" \/><\/figure>\n\n\n\n<p>Phone: +420 318 521 298\/Mobile: +420 775 722 230<br>E-mail:&nbsp;<a href=\"mailto:dvoroznakova%40dobris.interagencie.cz\">dvoroznakova@dobris.interagencie.cz<\/a><\/p>\n\n\n\n<h4 class=\"wp-block-heading\">INTERAGENCIE Business Services, s.r.o.<\/h4>\n\n\n\n<h4 class=\"wp-block-heading\">Branch Horka\u2013Kounice Sand Pit Facility:<\/h4>\n\n\n\n<p>Chr\u00e1st, CZ &#8211; 259 14, Po\u0159\u00ed\u010dany<br><strong>Sand, Gravel, and Aggregate Extraction<\/strong><br>Mobile: +420 777 275 896<br>E-mail:&nbsp;<a href=\"mailto:piskovna%40interagencie.cz\">piskovna@interagencie.cz<\/a><br>Web:&nbsp;<a href=\"http:\/\/www.betonserver.cz\/interagencie\">www.betonserver.cz\/interagencie<\/a><\/p>","protected":false},"excerpt":{"rendered":"<p>Skupina INTERAGENCIE Pracovi\u0161t\u011b Praha: D\u011blost\u0159eleck\u00e1 232\/31, CZ &#8211; 162 00, Praha 6Veden\u00ed, spr\u00e1vn\u00ed a obchodn\u00ed odd\u011blen\u00ed Veden\u00ed:Tel.: +420 233 089 832\/Mobil: +420 602 789 375E-mail:&nbsp;interagencie@interagencie.cz&nbsp;&nbsp;&nbsp;&nbsp;&nbsp;&nbsp;&nbsp;&nbsp;&nbsp;&nbsp;&nbsp;&nbsp;&nbsp;brezik@interagencie.cz&nbsp;&nbsp;&nbsp;&nbsp;&nbsp;&nbsp;&nbsp;&nbsp;&nbsp;&nbsp;&nbsp;&nbsp;&nbsp;benda@interagencie.cz Obchodn\u00ed odd\u011blen\u00ed:Tel.: +420 233 089 835Tel.: +420 233 089 846E-mail:&nbsp;mares@interagencie.cz&nbsp;&nbsp;&nbsp;&nbsp;&nbsp;&nbsp;&nbsp;&nbsp;&nbsp;&nbsp;&nbsp;&nbsp;vojtech.brezik@interagencie.cz INTERAGENCIE Mohelnice, s.r.o. Provozovna Mohelnice: N\u00e1dra\u017en\u00ed 25, CZ &#8211; 789 85, MohelniceLogistick\u00e9 centum &#8211; obchod s \u017eelezn\u00fdmi a ne\u017eelezn\u00fdmi kovy&#8230;<\/p>","protected":false},"author":1,"featured_media":0,"parent":0,"menu_order":0,"comment_status":"closed","ping_status":"closed","template":"","meta":{"_kad_post_transparent":"","_kad_post_title":"","_kad_post_layout":"","_kad_post_sidebar_id":"","_kad_post_content_style":"","_kad_post_vertical_padding":"","_kad_post_feature":"","_kad_post_feature_position":"","_kad_post_header":false,"_kad_post_footer":false,"_kad_post_classname":"","footnotes":""},"class_list":["post-48","page","type-page","status-publish","hentry"],"_links":{"self":[{"href":"https:\/\/interagencie.cz\/en\/wp-json\/wp\/v2\/pages\/48","targetHints":{"allow":["GET"]}}],"collection":[{"href":"https:\/\/interagencie.cz\/en\/wp-json\/wp\/v2\/pages"}],"about":[{"href":"https:\/\/interagencie.cz\/en\/wp-json\/wp\/v2\/types\/page"}],"author":[{"embeddable":true,"href":"https:\/\/interagencie.cz\/en\/wp-json\/wp\/v2\/users\/1"}],"replies":[{"embeddable":true,"href":"https:\/\/interagencie.cz\/en\/wp-json\/wp\/v2\/comments?post=48"}],"version-history":[{"count":3,"href":"https:\/\/interagencie.cz\/en\/wp-json\/wp\/v2\/pages\/48\/revisions"}],"predecessor-version":[{"id":57,"href":"https:\/\/interagencie.cz\/en\/wp-json\/wp\/v2\/pages\/48\/revisions\/57"}],"wp:attachment":[{"href":"https:\/\/interagencie.cz\/en\/wp-json\/wp\/v2\/media?parent=48"}],"curies":[{"name":"wp","href":"https:\/\/api.w.org\/{rel}","templated":true}]}}