{"id":38,"date":"2025-12-08T16:00:20","date_gmt":"2025-12-08T15:00:20","guid":{"rendered":"https:\/\/new.interagencie.cz\/?page_id=38"},"modified":"2025-12-08T16:00:20","modified_gmt":"2025-12-08T15:00:20","slug":"produkty-materialy","status":"publish","type":"page","link":"https:\/\/interagencie.cz\/en\/produkty-materialy\/","title":{"rendered":"Products &amp; Materials"},"content":{"rendered":"<h2 class=\"wp-block-heading\">Our Services and the Materials We Work With<\/h2>\n\n\n\n<h4 class=\"wp-block-heading\">INTERAGENCIE Mohelnice, s.r.o.<\/h4>\n\n\n\n<h4 class=\"wp-block-heading\">Branch office Mohelnice:<\/h4>\n\n\n\n<p>Partner Waste Materials<\/p>\n\n\n<style>.wp-block-kadence-advancedgallery .kb-gallery-type-masonry.kb-gallery-id-38_f7aac1-62{margin:-5px;}.kb-gallery-type-masonry.kb-gallery-id-38_f7aac1-62 .kadence-blocks-gallery-item{padding:5px;}.kb-gallery-id-38_f7aac1-62 .kadence-blocks-gallery-item .kb-gal-image-radius, .kb-gallery-id-38_f7aac1-62 .kb-slide-item .kb-gal-image-radius img{border-radius:0px 0px 0px 0px;;}<\/style><div class=\"kb-gallery-wrap-id-38_f7aac1-62 alignnone wp-block-kadence-advancedgallery\"><ul class=\"kb-gallery-ul kb-gallery-non-static kb-gallery-type-masonry kb-masonry-init kb-gallery-id-38_f7aac1-62 kb-gallery-caption-style-bottom-hover kb-gallery-filter-none\" data-image-filter=\"none\" data-item-selector=\".kadence-blocks-gallery-item\" data-lightbox-caption=\"true\" data-columns-xxl=\"4\" data-columns-xl=\"4\" data-columns-md=\"4\" data-columns-sm=\"3\" data-columns-xs=\"2\" data-columns-ss=\"2\"><li class=\"kadence-blocks-gallery-item\" tabindex=\"0\"><div class=\"kadence-blocks-gallery-item-inner\"><figure class=\"kb-gallery-figure kadence-blocks-gallery-item-hide-caption\"><div class=\"kb-gal-image-radius\" style=\"max-width:264px;\"><div class=\"kb-gallery-image-contain kadence-blocks-gallery-intrinsic\" style=\"padding-bottom:133%;\"><img loading=\"lazy\" decoding=\"async\" src=\"http:\/\/new.interagencie.cz\/wp-content\/uploads\/2025\/12\/klubka.jpeg\" width=\"264\" height=\"352\" alt=\"\" data-full-image=\"http:\/\/new.interagencie.cz\/wp-content\/uploads\/2025\/12\/klubka.jpeg\" data-light-image=\"http:\/\/new.interagencie.cz\/wp-content\/uploads\/2025\/12\/klubka.jpeg\" data-id=\"39\" class=\"wp-image-39\" srcset=\"https:\/\/interagencie.cz\/wp-content\/uploads\/2025\/12\/klubka.jpeg 264w, https:\/\/interagencie.cz\/wp-content\/uploads\/2025\/12\/klubka-225x300.jpeg 225w, https:\/\/interagencie.cz\/wp-content\/uploads\/2025\/12\/klubka-9x12.jpeg 9w\" sizes=\"auto, (max-width: 264px) 100vw, 264px\" \/><\/div><\/div><\/figure><\/div><\/li><\/ul><\/div>\n\n\n<p><br>Materials Supplied to Our Partners<\/p>\n\n\n<style>.wp-block-kadence-advancedgallery .kb-gallery-type-masonry.kb-gallery-id-38_0427c7-05{margin:-5px;}.kb-gallery-type-masonry.kb-gallery-id-38_0427c7-05 .kadence-blocks-gallery-item{padding:5px;}.kb-gallery-id-38_0427c7-05 .kadence-blocks-gallery-item .kb-gal-image-radius, .kb-gallery-id-38_0427c7-05 .kb-slide-item .kb-gal-image-radius img{border-radius:0px 0px 0px 0px;;}<\/style><div class=\"kb-gallery-wrap-id-38_0427c7-05 alignnone wp-block-kadence-advancedgallery\"><ul class=\"kb-gallery-ul kb-gallery-non-static kb-gallery-type-masonry kb-masonry-init kb-gallery-id-38_0427c7-05 kb-gallery-caption-style-bottom-hover kb-gallery-filter-none\" data-image-filter=\"none\" data-item-selector=\".kadence-blocks-gallery-item\" data-lightbox-caption=\"true\" data-columns-xxl=\"5\" data-columns-xl=\"5\" data-columns-md=\"5\" data-columns-sm=\"4\" data-columns-xs=\"4\" data-columns-ss=\"3\"><li class=\"kadence-blocks-gallery-item\" tabindex=\"0\"><div class=\"kadence-blocks-gallery-item-inner\"><figure class=\"kb-gallery-figure kadence-blocks-gallery-item-hide-caption\"><div class=\"kb-gal-image-radius\" style=\"max-width:768px;\"><div class=\"kb-gallery-image-contain kadence-blocks-gallery-intrinsic\" style=\"padding-bottom:133%;\"><img loading=\"lazy\" decoding=\"async\" src=\"https:\/\/new.interagencie.cz\/wp-content\/uploads\/2025\/12\/ingot-768x1024.jpeg\" width=\"768\" height=\"1024\" alt=\"\" data-full-image=\"https:\/\/new.interagencie.cz\/wp-content\/uploads\/2025\/12\/ingot.jpeg\" data-light-image=\"https:\/\/new.interagencie.cz\/wp-content\/uploads\/2025\/12\/ingot.jpeg\" data-id=\"42\" class=\"wp-image-42\" srcset=\"https:\/\/interagencie.cz\/wp-content\/uploads\/2025\/12\/ingot-768x1024.jpeg 768w, https:\/\/interagencie.cz\/wp-content\/uploads\/2025\/12\/ingot-225x300.jpeg 225w, https:\/\/interagencie.cz\/wp-content\/uploads\/2025\/12\/ingot-1152x1536.jpeg 1152w, https:\/\/interagencie.cz\/wp-content\/uploads\/2025\/12\/ingot-9x12.jpeg 9w, https:\/\/interagencie.cz\/wp-content\/uploads\/2025\/12\/ingot.jpeg 1200w\" sizes=\"auto, (max-width: 768px) 100vw, 768px\" \/><\/div><\/div><\/figure><\/div><\/li><li class=\"kadence-blocks-gallery-item\" tabindex=\"0\"><div class=\"kadence-blocks-gallery-item-inner\"><figure class=\"kb-gallery-figure kadence-blocks-gallery-item-hide-caption\"><div class=\"kb-gal-image-radius\" style=\"max-width:264px;\"><div class=\"kb-gallery-image-contain kadence-blocks-gallery-intrinsic\" style=\"padding-bottom:133%;\"><img loading=\"lazy\" decoding=\"async\" src=\"https:\/\/new.interagencie.cz\/wp-content\/uploads\/2025\/12\/drat.jpeg\" width=\"264\" height=\"352\" alt=\"\" data-full-image=\"https:\/\/new.interagencie.cz\/wp-content\/uploads\/2025\/12\/drat.jpeg\" data-light-image=\"https:\/\/new.interagencie.cz\/wp-content\/uploads\/2025\/12\/drat.jpeg\" data-id=\"41\" class=\"wp-image-41\" srcset=\"https:\/\/interagencie.cz\/wp-content\/uploads\/2025\/12\/drat.jpeg 264w, https:\/\/interagencie.cz\/wp-content\/uploads\/2025\/12\/drat-225x300.jpeg 225w, https:\/\/interagencie.cz\/wp-content\/uploads\/2025\/12\/drat-9x12.jpeg 9w\" sizes=\"auto, (max-width: 264px) 100vw, 264px\" \/><\/div><\/div><\/figure><\/div><\/li><li class=\"kadence-blocks-gallery-item\" tabindex=\"0\"><div class=\"kadence-blocks-gallery-item-inner\"><figure class=\"kb-gallery-figure kadence-blocks-gallery-item-hide-caption\"><div class=\"kb-gal-image-radius\" style=\"max-width:264px;\"><div class=\"kb-gallery-image-contain kadence-blocks-gallery-intrinsic\" style=\"padding-bottom:133%;\"><img loading=\"lazy\" decoding=\"async\" src=\"https:\/\/new.interagencie.cz\/wp-content\/uploads\/2025\/12\/drat-obr.jpeg\" width=\"264\" height=\"352\" alt=\"\" data-full-image=\"https:\/\/new.interagencie.cz\/wp-content\/uploads\/2025\/12\/drat-obr.jpeg\" data-light-image=\"https:\/\/new.interagencie.cz\/wp-content\/uploads\/2025\/12\/drat-obr.jpeg\" data-id=\"40\" class=\"wp-image-40\" srcset=\"https:\/\/interagencie.cz\/wp-content\/uploads\/2025\/12\/drat-obr.jpeg 264w, https:\/\/interagencie.cz\/wp-content\/uploads\/2025\/12\/drat-obr-225x300.jpeg 225w, https:\/\/interagencie.cz\/wp-content\/uploads\/2025\/12\/drat-obr-9x12.jpeg 9w\" sizes=\"auto, (max-width: 264px) 100vw, 264px\" \/><\/div><\/div><\/figure><\/div><\/li><\/ul><\/div>\n\n\n<h4 class=\"wp-block-heading\">Branch office Dob\u0159\u00ed\u0161:<\/h4>\n\n\n\n<p>Commercial Spaces for Rent<\/p>\n\n\n<style>.wp-block-kadence-advancedgallery .kb-gallery-type-masonry.kb-gallery-id-38_50388e-6e{margin:-5px;}.kb-gallery-type-masonry.kb-gallery-id-38_50388e-6e .kadence-blocks-gallery-item{padding:5px;}.kb-gallery-id-38_50388e-6e .kadence-blocks-gallery-item .kb-gal-image-radius, .kb-gallery-id-38_50388e-6e .kb-slide-item .kb-gal-image-radius img{border-radius:0px 0px 0px 0px;;}<\/style><div class=\"kb-gallery-wrap-id-38_50388e-6e alignnone wp-block-kadence-advancedgallery\"><ul class=\"kb-gallery-ul kb-gallery-non-static kb-gallery-type-masonry kb-masonry-init kb-gallery-id-38_50388e-6e kb-gallery-caption-style-bottom-hover kb-gallery-filter-none\" data-image-filter=\"none\" data-item-selector=\".kadence-blocks-gallery-item\" data-lightbox-caption=\"true\" data-columns-xxl=\"3\" data-columns-xl=\"3\" data-columns-md=\"3\" data-columns-sm=\"2\" data-columns-xs=\"1\" data-columns-ss=\"1\"><li class=\"kadence-blocks-gallery-item\" tabindex=\"0\"><div class=\"kadence-blocks-gallery-item-inner\"><figure class=\"kb-gallery-figure kadence-blocks-gallery-item-hide-caption\"><div class=\"kb-gal-image-radius\" style=\"max-width:1024px;\"><div class=\"kb-gallery-image-contain kadence-blocks-gallery-intrinsic\" style=\"padding-bottom:75%;\"><img loading=\"lazy\" decoding=\"async\" src=\"http:\/\/new.interagencie.cz\/wp-content\/uploads\/2025\/12\/dobris2-1024x768.jpeg\" width=\"1024\" height=\"768\" alt=\"\" data-full-image=\"http:\/\/new.interagencie.cz\/wp-content\/uploads\/2025\/12\/dobris2.jpeg\" data-light-image=\"http:\/\/new.interagencie.cz\/wp-content\/uploads\/2025\/12\/dobris2.jpeg\" data-id=\"43\" class=\"wp-image-43\" srcset=\"https:\/\/interagencie.cz\/wp-content\/uploads\/2025\/12\/dobris2-1024x768.jpeg 1024w, https:\/\/interagencie.cz\/wp-content\/uploads\/2025\/12\/dobris2-300x225.jpeg 300w, https:\/\/interagencie.cz\/wp-content\/uploads\/2025\/12\/dobris2-768x576.jpeg 768w, https:\/\/interagencie.cz\/wp-content\/uploads\/2025\/12\/dobris2-1536x1152.jpeg 1536w, https:\/\/interagencie.cz\/wp-content\/uploads\/2025\/12\/dobris2-16x12.jpeg 16w, https:\/\/interagencie.cz\/wp-content\/uploads\/2025\/12\/dobris2.jpeg 1600w\" sizes=\"auto, (max-width: 1024px) 100vw, 1024px\" \/><\/div><\/div><\/figure><\/div><\/li><li class=\"kadence-blocks-gallery-item\" tabindex=\"0\"><div class=\"kadence-blocks-gallery-item-inner\"><figure class=\"kb-gallery-figure kadence-blocks-gallery-item-hide-caption\"><div class=\"kb-gal-image-radius\" style=\"max-width:1024px;\"><div class=\"kb-gallery-image-contain kadence-blocks-gallery-intrinsic\" style=\"padding-bottom:75%;\"><img loading=\"lazy\" decoding=\"async\" src=\"http:\/\/new.interagencie.cz\/wp-content\/uploads\/2025\/12\/dobris1-1024x768.jpeg\" width=\"1024\" height=\"768\" alt=\"\" data-full-image=\"http:\/\/new.interagencie.cz\/wp-content\/uploads\/2025\/12\/dobris1.jpeg\" data-light-image=\"http:\/\/new.interagencie.cz\/wp-content\/uploads\/2025\/12\/dobris1.jpeg\" data-id=\"44\" class=\"wp-image-44\" srcset=\"https:\/\/interagencie.cz\/wp-content\/uploads\/2025\/12\/dobris1-1024x768.jpeg 1024w, https:\/\/interagencie.cz\/wp-content\/uploads\/2025\/12\/dobris1-300x225.jpeg 300w, https:\/\/interagencie.cz\/wp-content\/uploads\/2025\/12\/dobris1-768x576.jpeg 768w, https:\/\/interagencie.cz\/wp-content\/uploads\/2025\/12\/dobris1-1536x1152.jpeg 1536w, https:\/\/interagencie.cz\/wp-content\/uploads\/2025\/12\/dobris1-16x12.jpeg 16w, https:\/\/interagencie.cz\/wp-content\/uploads\/2025\/12\/dobris1.jpeg 1600w\" sizes=\"auto, (max-width: 1024px) 100vw, 1024px\" \/><\/div><\/div><\/figure><\/div><\/li><\/ul><\/div>","protected":false},"excerpt":{"rendered":"<p>Na\u0161e slu\u017eby a materi\u00e1l s kter\u00fdm pracujeme INTERAGENCIE Mohelnice, s.r.o. Provozovna Mohelnice: Odpadn\u00ed materi\u00e1ly na\u0161ich partner\u016f Materi\u00e1ly dod\u00e1van\u00e9 na\u0161im partner\u016fm Provozovna Dob\u0159\u00ed\u0161: Prostory k pron\u00e1jmu<\/p>","protected":false},"author":1,"featured_media":0,"parent":0,"menu_order":0,"comment_status":"closed","ping_status":"closed","template":"","meta":{"_kad_post_transparent":"","_kad_post_title":"","_kad_post_layout":"","_kad_post_sidebar_id":"","_kad_post_content_style":"","_kad_post_vertical_padding":"","_kad_post_feature":"","_kad_post_feature_position":"","_kad_post_header":false,"_kad_post_footer":false,"_kad_post_classname":"","footnotes":""},"class_list":["post-38","page","type-page","status-publish","hentry"],"_links":{"self":[{"href":"https:\/\/interagencie.cz\/en\/wp-json\/wp\/v2\/pages\/38","targetHints":{"allow":["GET"]}}],"collection":[{"href":"https:\/\/interagencie.cz\/en\/wp-json\/wp\/v2\/pages"}],"about":[{"href":"https:\/\/interagencie.cz\/en\/wp-json\/wp\/v2\/types\/page"}],"author":[{"embeddable":true,"href":"https:\/\/interagencie.cz\/en\/wp-json\/wp\/v2\/users\/1"}],"replies":[{"embeddable":true,"href":"https:\/\/interagencie.cz\/en\/wp-json\/wp\/v2\/comments?post=38"}],"version-history":[{"count":1,"href":"https:\/\/interagencie.cz\/en\/wp-json\/wp\/v2\/pages\/38\/revisions"}],"predecessor-version":[{"id":45,"href":"https:\/\/interagencie.cz\/en\/wp-json\/wp\/v2\/pages\/38\/revisions\/45"}],"wp:attachment":[{"href":"https:\/\/interagencie.cz\/en\/wp-json\/wp\/v2\/media?parent=38"}],"curies":[{"name":"wp","href":"https:\/\/api.w.org\/{rel}","templated":true}]}}