{"id":32,"date":"2025-12-08T15:51:16","date_gmt":"2025-12-08T14:51:16","guid":{"rendered":"https:\/\/new.interagencie.cz\/?page_id=32"},"modified":"2025-12-09T13:30:56","modified_gmt":"2025-12-09T12:30:56","slug":"kvalita","status":"publish","type":"page","link":"https:\/\/interagencie.cz\/en\/kvalita\/","title":{"rendered":"Quality"},"content":{"rendered":"<p>In accordance with all current customers\u00b4 requirements , as well as all implicite expectations of potencial customers in the field of \u201eraw materials sales and purchase\u201c, issuing from experience and knowledge recently acquired from the detail market, marketing analysis and consultations with representatives of the key-partners, the managment of INTERGENCIE proclaims the following strategice targets founded on free basic postulates:<\/p>\n\n\n\n<ol style=\"list-style-type:upper-roman\" class=\"wp-block-list\">\n<li><strong>THE CUSTOMER'S CONTENTMENT AS A OBJECT OF THE WHOLE RANGE OF ACTIVITIES<\/strong><br>We realize our supplies according to the customer\u00b4s requierments with a view to:<br>- technical standards<br>- quantity<br>- delivery terms<br>- accompanying documentation<br>- other specific requierments and expectations<br><br><\/li>\n\n\n\n<li><strong>RESOURSES SUPPORT FOR A CONTINUOS PROGRESS AND INNOVATION OF THE QUALITY MANAGEMENT SYSTEM<\/strong><br>- we extend corresponding resources for the support and a further progres sof the QMS<br>- we improve qualifications and knowledge of the companys staff<br><br><\/li>\n\n\n\n<li><strong>ATTENTION TO QUALITY OF THE COMPANY ACTIVITIES AS A INTEGRAL PART OF THE FIRM STRATEGY<\/strong><br>- complying with rules and criterias set by Standard EN ISO 9001:2016<br>- we innovate managerial and organising activities<\/li>\n<\/ol>","protected":false},"excerpt":{"rendered":"<p>Veden\u00ed skupiny INTERAGENCIE, po anal\u00fdze po\u017eadavk\u016f st\u00e1vaj\u00edc\u00edch z\u00e1kazn\u00edk\u016f a p\u0159edpokl\u00e1dan\u00e9m o\u010dek\u00e1v\u00e1n\u00ed z\u00e1kazn\u00edk\u016f budouc\u00edch v oblasti&nbsp;\u201en\u00e1kupu a prodeje surovin a materi\u00e1l\u016f&#8220;, kter\u00e1 vych\u00e1z\u00ed z dosud z\u00edskan\u00fdch zku\u0161enost\u00ed na trhu, marketingov\u00fdch anal\u00fdz a z jedn\u00e1n\u00ed s p\u0159edstaviteli kl\u00ed\u010dov\u00fdch z\u00e1kazn\u00edk\u016f, vyhla\u0161uje se z\u00e1jmem udr\u017eet a zlep\u0161it pozici na trhu, n\u00e1sleduj\u00edc\u00ed strategick\u00e9 z\u00e1m\u011bry, kter\u00e9 jsou zalo\u017eeny na t\u0159ech z\u00e1kladn\u00edch&#8230;<\/p>","protected":false},"author":1,"featured_media":0,"parent":0,"menu_order":0,"comment_status":"closed","ping_status":"closed","template":"","meta":{"_kad_post_transparent":"","_kad_post_title":"","_kad_post_layout":"","_kad_post_sidebar_id":"","_kad_post_content_style":"","_kad_post_vertical_padding":"","_kad_post_feature":"","_kad_post_feature_position":"","_kad_post_header":false,"_kad_post_footer":false,"_kad_post_classname":"","footnotes":""},"class_list":["post-32","page","type-page","status-publish","hentry"],"_links":{"self":[{"href":"https:\/\/interagencie.cz\/en\/wp-json\/wp\/v2\/pages\/32","targetHints":{"allow":["GET"]}}],"collection":[{"href":"https:\/\/interagencie.cz\/en\/wp-json\/wp\/v2\/pages"}],"about":[{"href":"https:\/\/interagencie.cz\/en\/wp-json\/wp\/v2\/types\/page"}],"author":[{"embeddable":true,"href":"https:\/\/interagencie.cz\/en\/wp-json\/wp\/v2\/users\/1"}],"replies":[{"embeddable":true,"href":"https:\/\/interagencie.cz\/en\/wp-json\/wp\/v2\/comments?post=32"}],"version-history":[{"count":3,"href":"https:\/\/interagencie.cz\/en\/wp-json\/wp\/v2\/pages\/32\/revisions"}],"predecessor-version":[{"id":58,"href":"https:\/\/interagencie.cz\/en\/wp-json\/wp\/v2\/pages\/32\/revisions\/58"}],"wp:attachment":[{"href":"https:\/\/interagencie.cz\/en\/wp-json\/wp\/v2\/media?parent=32"}],"curies":[{"name":"wp","href":"https:\/\/api.w.org\/{rel}","templated":true}]}}