{"id":10,"date":"2025-12-08T15:04:40","date_gmt":"2025-12-08T14:04:40","guid":{"rendered":"https:\/\/new.interagencie.cz\/?page_id=10"},"modified":"2025-12-08T15:49:33","modified_gmt":"2025-12-08T14:49:33","slug":"nase-slovo-plati","status":"publish","type":"page","link":"https:\/\/interagencie.cz\/en\/","title":{"rendered":"We stand by our word"},"content":{"rendered":"<h2 class=\"wp-block-heading has-text-align-center\">Corporation Interagencie<\/h2>\n\n\n\n<p class=\"has-text-align-center\">The primary focus of corporation INTERAGENCIE are regular raw\u00a0<br>materials supplies for industrial manufactories and plants.<\/p>\n\n\n\n<h2 class=\"wp-block-heading has-text-align-left\">Corporation parts<\/h2>\n\n\n\n<p class=\"has-text-align-left\"><a href=\"https:\/\/or.justice.cz\/ias\/ui\/rejstrik-firma.vysledky?subjektId=955532&amp;typ=PLATNY\" target=\"_blank\" rel=\"noreferrer noopener\">INTERAGENCIE Mohelnice, s.r.o.<\/a><br><a href=\"https:\/\/or.justice.cz\/ias\/ui\/rejstrik-firma.vysledky?subjektId=408681&amp;typ=PLATNY\" target=\"_blank\" rel=\"noreferrer noopener\">INTERAGENCIE Business Services, s.r.o.<\/a><br><a href=\"https:\/\/or.justice.cz\/ias\/ui\/rejstrik-firma.vysledky?subjektId=953614&amp;typ=PLATNY\" target=\"_blank\" rel=\"noreferrer noopener\">INTERAGENCIE Dob\u0159\u00ed\u0161, s.r.o.<\/a><\/p>","protected":false},"excerpt":{"rendered":"<p>Skupina Interagencie Hlavn\u00edm zam\u011b\u0159en\u00edm spole\u010dnost\u00ed INTERAGENCIE je pravideln\u00e9\u00a0z\u00e1sobov\u00e1n\u00ed v\u00fdrobn\u00edch organizac\u00ed surovinami a materi\u00e1lem. Spole\u010dnosti skupiny INTERAGENCIE Mohelnice, s.r.o.INTERAGENCIE Business Services, s.r.o.INTERAGENCIE Dob\u0159\u00ed\u0161, s.r.o.<\/p>","protected":false},"author":1,"featured_media":0,"parent":0,"menu_order":0,"comment_status":"closed","ping_status":"closed","template":"","meta":{"_kad_post_transparent":"","_kad_post_title":"","_kad_post_layout":"narrow","_kad_post_sidebar_id":"","_kad_post_content_style":"","_kad_post_vertical_padding":"","_kad_post_feature":"","_kad_post_feature_position":"","_kad_post_header":false,"_kad_post_footer":false,"_kad_post_classname":"","footnotes":""},"class_list":["post-10","page","type-page","status-publish","hentry"],"_links":{"self":[{"href":"https:\/\/interagencie.cz\/en\/wp-json\/wp\/v2\/pages\/10","targetHints":{"allow":["GET"]}}],"collection":[{"href":"https:\/\/interagencie.cz\/en\/wp-json\/wp\/v2\/pages"}],"about":[{"href":"https:\/\/interagencie.cz\/en\/wp-json\/wp\/v2\/types\/page"}],"author":[{"embeddable":true,"href":"https:\/\/interagencie.cz\/en\/wp-json\/wp\/v2\/users\/1"}],"replies":[{"embeddable":true,"href":"https:\/\/interagencie.cz\/en\/wp-json\/wp\/v2\/comments?post=10"}],"version-history":[{"count":4,"href":"https:\/\/interagencie.cz\/en\/wp-json\/wp\/v2\/pages\/10\/revisions"}],"predecessor-version":[{"id":31,"href":"https:\/\/interagencie.cz\/en\/wp-json\/wp\/v2\/pages\/10\/revisions\/31"}],"wp:attachment":[{"href":"https:\/\/interagencie.cz\/en\/wp-json\/wp\/v2\/media?parent=10"}],"curies":[{"name":"wp","href":"https:\/\/api.w.org\/{rel}","templated":true}]}}